{"id":12,"date":"2023-05-17T14:40:58","date_gmt":"2023-05-17T12:40:58","guid":{"rendered":"https:\/\/pellepolonia.pl\/?page_id=12"},"modified":"2023-05-29T12:11:00","modified_gmt":"2023-05-29T10:11:00","slug":"strona-glowna","status":"publish","type":"page","link":"https:\/\/pellepolonia.pl\/","title":{"rendered":"Kim jeste\u015bmy"},"content":{"rendered":"\n<p><\/p>\n\n\n\n<div class=\"wp-block-media-text alignwide is-stacked-on-mobile\"><figure class=\"wp-block-media-text__media\"><img loading=\"lazy\" decoding=\"async\" width=\"1024\" height=\"769\" src=\"https:\/\/pellepolonia.pl\/wp-content\/uploads\/2023\/05\/Produzione-standard-2000x1500-05-1150x862_1-1024x769.jpg\" alt=\"\" class=\"wp-image-32 size-full\" srcset=\"https:\/\/pellepolonia.pl\/wp-content\/uploads\/2023\/05\/Produzione-standard-2000x1500-05-1150x862_1-1024x769.jpg 1024w, https:\/\/pellepolonia.pl\/wp-content\/uploads\/2023\/05\/Produzione-standard-2000x1500-05-1150x862_1-300x225.jpg 300w, https:\/\/pellepolonia.pl\/wp-content\/uploads\/2023\/05\/Produzione-standard-2000x1500-05-1150x862_1-768x577.jpg 768w, https:\/\/pellepolonia.pl\/wp-content\/uploads\/2023\/05\/Produzione-standard-2000x1500-05-1150x862_1.jpg 1065w\" sizes=\"auto, (max-width: 1024px) 100vw, 1024px\" \/><\/figure><div class=\"wp-block-media-text__content\">\n<p><strong>Kim jeste\u015bmy<\/strong><\/p>\n\n\n\n<p><strong>W 1993 roku, po 10 latach do\u015bwiadczenia zdobytego w kilku firmach na terenie powiatu, stworzyli\u015bmy niezale\u017cn\u0105 firm\u0119 Pelle Italia s.r.l.<\/strong><\/p>\n\n\n\n<p><strong>Pelle Italia s.r.l.znajduje si\u0119 w Arzignano, ma\u0142ym mie\u015bcie, kt\u00f3re w ci\u0105gu ostatnich 60 lat sta\u0142o si\u0119 najwa\u017cniejszym o\u015brodkiem produkcji sk\u00f3r nie tylko we W\u0142oszech, ale na ca\u0142ym \u015bwiecie. Sk\u00f3ra produkowana jest w naszym okr\u0119gu od co najmniej 7 wiek\u00f3w, a po drugiej wojnie \u015bwiatowej Arzignano sta\u0142o si\u0119 \u015bwiatow\u0105 stolic\u0105 tego sektora pod wzgl\u0119dem jako\u015bci, stylu, technologii i poszanowania dla \u015brodowiska, obejmuj\u0105c 16% \u015bwiatowej produkcji i 65 % produkcji Europejskiej.<\/strong><\/p>\n\n\n\n<p><strong>Od tego czasu nasza praca jest kontynuowana z sukcesem, czego dowodem jest wieloletnia i stabilna wsp\u00f3\u0142praca z wieloma naszymi klientami.<\/strong><\/p>\n<\/div><\/div>\n\n\n\n<p>Polecamy r\u00f3wnie\u017c lekturze &#8211; nasz\u0105 stron\u0119 macierzst\u0105:  <a rel=\"noreferrer noopener\" href=\"https:\/\/pelleitalia.com\/en\/the-strength-of-the-district-en\/\" data-type=\"URL\" data-id=\"https:\/\/pelleitalia.com\/en\/the-strength-of-the-district-en\/\" target=\"_blank\">https:\/\/pelleitalia.com<\/a><\/p>\n","protected":false},"excerpt":{"rendered":"<p>Kim jeste\u015bmy W 1993 roku, po 10 latach do\u015bwiadczenia zdobytego w kilku firmach na terenie powiatu, stworzyli\u015bmy niezale\u017cn\u0105 firm\u0119 Pelle Italia s.r.l. Pelle Italia s.r.l.znajduje si\u0119 w Arzignano, ma\u0142ym mie\u015bcie, kt\u00f3re w ci\u0105gu ostatnich 60 lat sta\u0142o si\u0119 najwa\u017cniejszym o\u015brodkiem produkcji sk\u00f3r nie tylko we W\u0142oszech, ale na ca\u0142ym \u015bwiecie. Sk\u00f3ra produkowana jest w naszym [&hellip;]<\/p>\n","protected":false},"author":1,"featured_media":0,"parent":0,"menu_order":0,"comment_status":"closed","ping_status":"closed","template":"","meta":{"footnotes":""},"class_list":["post-12","page","type-page","status-publish","hentry"],"_links":{"self":[{"href":"https:\/\/pellepolonia.pl\/index.php\/wp-json\/wp\/v2\/pages\/12","targetHints":{"allow":["GET"]}}],"collection":[{"href":"https:\/\/pellepolonia.pl\/index.php\/wp-json\/wp\/v2\/pages"}],"about":[{"href":"https:\/\/pellepolonia.pl\/index.php\/wp-json\/wp\/v2\/types\/page"}],"author":[{"embeddable":true,"href":"https:\/\/pellepolonia.pl\/index.php\/wp-json\/wp\/v2\/users\/1"}],"replies":[{"embeddable":true,"href":"https:\/\/pellepolonia.pl\/index.php\/wp-json\/wp\/v2\/comments?post=12"}],"version-history":[{"count":5,"href":"https:\/\/pellepolonia.pl\/index.php\/wp-json\/wp\/v2\/pages\/12\/revisions"}],"predecessor-version":[{"id":66,"href":"https:\/\/pellepolonia.pl\/index.php\/wp-json\/wp\/v2\/pages\/12\/revisions\/66"}],"wp:attachment":[{"href":"https:\/\/pellepolonia.pl\/index.php\/wp-json\/wp\/v2\/media?parent=12"}],"curies":[{"name":"wp","href":"https:\/\/api.w.org\/{rel}","templated":true}]}}