{"id":2,"date":"2023-05-17T14:38:23","date_gmt":"2023-05-17T12:38:23","guid":{"rendered":"https:\/\/pellepolonia.pl\/?page_id=2"},"modified":"2023-05-29T10:36:52","modified_gmt":"2023-05-29T08:36:52","slug":"przykladowa-strona","status":"publish","type":"page","link":"https:\/\/pellepolonia.pl\/index.php\/przykladowa-strona\/","title":{"rendered":"Nasza oferta"},"content":{"rendered":"\n<p><\/p>\n\n\n\n<div class=\"wp-block-media-text alignwide is-stacked-on-mobile\"><figure class=\"wp-block-media-text__media\"><img loading=\"lazy\" decoding=\"async\" width=\"1024\" height=\"768\" src=\"https:\/\/pellepolonia.pl\/wp-content\/uploads\/2023\/05\/pelli-a-metratura-IMG_0850-2000x1500-1-1024x768.jpg\" alt=\"\" class=\"wp-image-39 size-full\" srcset=\"https:\/\/pellepolonia.pl\/wp-content\/uploads\/2023\/05\/pelli-a-metratura-IMG_0850-2000x1500-1-1024x768.jpg 1024w, https:\/\/pellepolonia.pl\/wp-content\/uploads\/2023\/05\/pelli-a-metratura-IMG_0850-2000x1500-1-300x225.jpg 300w, https:\/\/pellepolonia.pl\/wp-content\/uploads\/2023\/05\/pelli-a-metratura-IMG_0850-2000x1500-1-768x576.jpg 768w, https:\/\/pellepolonia.pl\/wp-content\/uploads\/2023\/05\/pelli-a-metratura-IMG_0850-2000x1500-1-1536x1152.jpg 1536w, https:\/\/pellepolonia.pl\/wp-content\/uploads\/2023\/05\/pelli-a-metratura-IMG_0850-2000x1500-1.jpg 2000w\" sizes=\"auto, (max-width: 1024px) 100vw, 1024px\" \/><\/figure><div class=\"wp-block-media-text__content\">\n<p><strong>Sk\u00f3ry na stanie magazynowym<\/strong><\/p>\n\n\n\n<p><strong>Jeste\u015bmy w stanie dostarczy\u0107 sk\u00f3ry z naszego stanu magazynowego w ci\u0105gu kilku dni, zaczynaj\u0105c od pojedynczego b\u0142ama sk\u00f3ry. Nasza oferta skierowana jest do zak\u0142ad\u00f3w produkcyjnych \u2013 zajmujacych si\u0119 zar\u00f3wno tapicerk\u0105 meblow\u0105 jak i innymi segmentami rynku. Jeste\u015bmy aktywni w tego rodzaju dostawach ju\u017c od wielu lat i dzi\u0119ki temu zdobyli\u015bmy du\u017ce do\u015bwiadczenie zapewniaj\u0105c szerok\u0105 r\u00f3\u017cnorodno\u015b\u0107 artyku\u0142\u00f3w.<\/strong><\/p>\n\n\n\n<p><\/p>\n<\/div><\/div>\n\n\n\n<div class=\"wp-block-media-text alignwide is-stacked-on-mobile\"><figure class=\"wp-block-media-text__media\"><img loading=\"lazy\" decoding=\"async\" width=\"1024\" height=\"575\" src=\"https:\/\/pellepolonia.pl\/wp-content\/uploads\/2023\/05\/materia-prima-gall-02-1150x646-1-1024x575.jpg\" alt=\"\" class=\"wp-image-42 size-full\" srcset=\"https:\/\/pellepolonia.pl\/wp-content\/uploads\/2023\/05\/materia-prima-gall-02-1150x646-1-1024x575.jpg 1024w, https:\/\/pellepolonia.pl\/wp-content\/uploads\/2023\/05\/materia-prima-gall-02-1150x646-1-300x168.jpg 300w, https:\/\/pellepolonia.pl\/wp-content\/uploads\/2023\/05\/materia-prima-gall-02-1150x646-1-768x431.jpg 768w, https:\/\/pellepolonia.pl\/wp-content\/uploads\/2023\/05\/materia-prima-gall-02-1150x646-1.jpg 1535w\" sizes=\"auto, (max-width: 1024px) 100vw, 1024px\" \/><\/figure><div class=\"wp-block-media-text__content\">\n<p><strong>Mamy mo\u017cliwo\u015b\u0107 zaoferowania ponad tysi\u0105ca kolor\u00f3w, w r\u00f3\u017cnych rodzajach sk\u00f3r. Prze\u015blij nam pr\u00f3bk\u0119 lub zdj\u0119cie, a my natychmiast wyszukamy opcje najbardziej zbli\u017cone do Twojego zapytania. Produkcja seryjna w oparciu o potrzeby Twojej minimalnej ilo\u015bci pozwala nam zoptymalizowa\u0107 koszty, a tym samym zaoferowa\u0107 korzystne ceny. Zwracamy si\u0119 zar\u00f3wno do du\u017cych odbiorc\u00f3w, jak i ma\u0142ych firm, dostarczaj\u0105c ka\u017cdy rodzaj sk\u00f3ry, jaki mo\u017ce by\u0107 wymagany.<\/strong><\/p>\n<\/div><\/div>\n\n\n\n<div class=\"wp-block-media-text alignwide is-stacked-on-mobile\"><figure class=\"wp-block-media-text__media\"><img loading=\"lazy\" decoding=\"async\" width=\"985\" height=\"862\" src=\"https:\/\/pellepolonia.pl\/wp-content\/uploads\/2023\/05\/Piccoli-lotti-2000x1500-01-2-1150x862-1.jpg\" alt=\"\" class=\"wp-image-43 size-full\" srcset=\"https:\/\/pellepolonia.pl\/wp-content\/uploads\/2023\/05\/Piccoli-lotti-2000x1500-01-2-1150x862-1.jpg 985w, https:\/\/pellepolonia.pl\/wp-content\/uploads\/2023\/05\/Piccoli-lotti-2000x1500-01-2-1150x862-1-300x263.jpg 300w, https:\/\/pellepolonia.pl\/wp-content\/uploads\/2023\/05\/Piccoli-lotti-2000x1500-01-2-1150x862-1-768x672.jpg 768w\" sizes=\"auto, (max-width: 985px) 100vw, 985px\" \/><\/figure><div class=\"wp-block-media-text__content\">\n<p><strong>Minimalna ilo\u015b\u0107, jak\u0105 nale\u017cy uwzgl\u0119dni\u0107 w tego rodzaju dostawie to ok.300 m.kw. Asortyment naszych produkt\u00f3w jest szeroki i obejmuje:<br>\u2022 sk\u00f3ry licowe, najcenniejsze<br>\u2022 sk\u00f3ry p\u00f3\u0142licowe, charakteryzuj\u0105ce si\u0119 niezwyk\u0142\u0105 mi\u0119kko\u015bci\u0105<br>\u2022 sk\u00f3ry woskowane i\/lub olejowane<br>\u2022 sk\u00f3ry vintage, szlifowane r\u0119cznie<br>\u2022 specjalne sk\u00f3ry do renowacji samochod\u00f3w<br>Mo\u017cemy r\u00f3wnie\u017c produkowa\u0107 ma\u0142e partie sk\u00f3ry do samochod\u00f3w, stosuj\u0105c te same procesy, kt\u00f3re s\u0105 stosowane w przypadku sk\u00f3r OEM. Mog\u0105 to by\u0107 sk\u00f3ry bardziej strukturalne, takie jak te stosowane w samochodach seryjnych, lub bardziej mi\u0119kkie i z naturalnym licem, je\u015bli chcesz nada\u0107 swojemu samochodowi aksamitny charakter. Minimalna wymagana ilo\u015b\u0107 to ok. 50 m.kw.<\/strong><\/p>\n\n\n\n<p><\/p>\n<\/div><\/div>\n\n\n\n<div class=\"wp-block-media-text alignwide is-stacked-on-mobile\"><figure class=\"wp-block-media-text__media\"><img loading=\"lazy\" decoding=\"async\" width=\"1024\" height=\"768\" src=\"https:\/\/pellepolonia.pl\/wp-content\/uploads\/2023\/05\/Piccoli-lotti-2000x1500-05-2-1150x862-1-1024x768.jpg\" alt=\"\" class=\"wp-image-46 size-full\" srcset=\"https:\/\/pellepolonia.pl\/wp-content\/uploads\/2023\/05\/Piccoli-lotti-2000x1500-05-2-1150x862-1-1024x768.jpg 1024w, https:\/\/pellepolonia.pl\/wp-content\/uploads\/2023\/05\/Piccoli-lotti-2000x1500-05-2-1150x862-1-300x225.jpg 300w, https:\/\/pellepolonia.pl\/wp-content\/uploads\/2023\/05\/Piccoli-lotti-2000x1500-05-2-1150x862-1-768x576.jpg 768w, https:\/\/pellepolonia.pl\/wp-content\/uploads\/2023\/05\/Piccoli-lotti-2000x1500-05-2-1150x862-1.jpg 1150w\" sizes=\"auto, (max-width: 1024px) 100vw, 1024px\" \/><\/figure><div class=\"wp-block-media-text__content\">\n<p><strong>Mo\u017cemy wyprodukowa\u0107 ma\u0142e partie w pe\u0142ni konfigurowalnej sk\u00f3ry. Na podstawie przes\u0142anej przez Pa\u0144stwa pr\u00f3bki jeste\u015bmy w stanie wyprodukowa\u0107 dla Pa\u0144stwa sk\u00f3ry o dowolnym kolorze, nadruku, grubo\u015bci i stopniu mi\u0119kko\u015bci. Ten rodzaj us\u0142ugi gwarantuje dostaw\u0119 dok\u0142adnie odpowiadaj\u0105c\u0105 potrzebom klienta.<\/strong><\/p>\n\n\n\n<p><strong>Wzory CNC, hafty i perforacje<\/strong><\/p>\n\n\n\n<p><strong>Pelle Italia \u015bwiadczy r\u00f3wnie\u017c us\u0142ug\u0119 wyszywania wzor\u00f3w, haftu i perforacji CNC na p\u00f3\u0142sk\u00f3rach lub ju\u017c poci\u0119tych panelach sk\u00f3rzanych. Mamy du\u017c\u0105 liczb\u0119 projekt\u00f3w i jeste\u015bmy gotowi opracowa\u0107 inne, w oparciu o Twoje pomys\u0142y i potrzeby.<\/strong><strong>Prze\u015blij nam rysunek, a z przyjemno\u015bci\u0105 poka\u017cemy, \u017ce jeste\u015bmy w stanie zaspokoi\u0107 ka\u017cd\u0105 potrzeb\u0119.<\/strong><\/p>\n\n\n\n<p><strong>Zamie\u015bcili\u015bmy tutaj obrazy najpopularniejszych motyw\u00f3w, ale dost\u0119pnych jest ju\u017c znacznie wi\u0119cej. Inne projekty mog\u0105 by\u0107 opracowane na \u017cyczenie: na podstawie przes\u0142anego obrazu stworzymy plik, kt\u00f3ry mo\u017cesz zweryfikowa\u0107 do zatwierdzenia.<\/strong><\/p>\n<\/div><\/div>\n","protected":false},"excerpt":{"rendered":"<p>Sk\u00f3ry na stanie magazynowym Jeste\u015bmy w stanie dostarczy\u0107 sk\u00f3ry z naszego stanu magazynowego w ci\u0105gu kilku dni, zaczynaj\u0105c od pojedynczego b\u0142ama sk\u00f3ry. Nasza oferta skierowana jest do zak\u0142ad\u00f3w produkcyjnych \u2013 zajmujacych si\u0119 zar\u00f3wno tapicerk\u0105 meblow\u0105 jak i innymi segmentami rynku. Jeste\u015bmy aktywni w tego rodzaju dostawach ju\u017c od wielu lat i dzi\u0119ki temu zdobyli\u015bmy du\u017ce [&hellip;]<\/p>\n","protected":false},"author":1,"featured_media":0,"parent":0,"menu_order":3,"comment_status":"closed","ping_status":"closed","template":"","meta":{"footnotes":""},"class_list":["post-2","page","type-page","status-publish","hentry"],"_links":{"self":[{"href":"https:\/\/pellepolonia.pl\/index.php\/wp-json\/wp\/v2\/pages\/2","targetHints":{"allow":["GET"]}}],"collection":[{"href":"https:\/\/pellepolonia.pl\/index.php\/wp-json\/wp\/v2\/pages"}],"about":[{"href":"https:\/\/pellepolonia.pl\/index.php\/wp-json\/wp\/v2\/types\/page"}],"author":[{"embeddable":true,"href":"https:\/\/pellepolonia.pl\/index.php\/wp-json\/wp\/v2\/users\/1"}],"replies":[{"embeddable":true,"href":"https:\/\/pellepolonia.pl\/index.php\/wp-json\/wp\/v2\/comments?post=2"}],"version-history":[{"count":4,"href":"https:\/\/pellepolonia.pl\/index.php\/wp-json\/wp\/v2\/pages\/2\/revisions"}],"predecessor-version":[{"id":47,"href":"https:\/\/pellepolonia.pl\/index.php\/wp-json\/wp\/v2\/pages\/2\/revisions\/47"}],"wp:attachment":[{"href":"https:\/\/pellepolonia.pl\/index.php\/wp-json\/wp\/v2\/media?parent=2"}],"curies":[{"name":"wp","href":"https:\/\/api.w.org\/{rel}","templated":true}]}}