{"id":7,"date":"2023-05-17T14:40:58","date_gmt":"2023-05-17T12:40:58","guid":{"rendered":"https:\/\/pellepolonia.pl\/?page_id=7"},"modified":"2023-05-29T10:10:51","modified_gmt":"2023-05-29T08:10:51","slug":"informacje","status":"publish","type":"page","link":"https:\/\/pellepolonia.pl\/index.php\/informacje\/","title":{"rendered":"Informacje"},"content":{"rendered":"\n<p><\/p>\n\n\n\n<div class=\"wp-block-media-text alignwide is-stacked-on-mobile\"><figure class=\"wp-block-media-text__media\"><img loading=\"lazy\" decoding=\"async\" width=\"866\" height=\"800\" src=\"https:\/\/pellepolonia.pl\/wp-content\/uploads\/2023\/05\/DSC_7306.jpg\" alt=\"\" class=\"wp-image-35 size-full\" srcset=\"https:\/\/pellepolonia.pl\/wp-content\/uploads\/2023\/05\/DSC_7306.jpg 866w, https:\/\/pellepolonia.pl\/wp-content\/uploads\/2023\/05\/DSC_7306-300x277.jpg 300w, https:\/\/pellepolonia.pl\/wp-content\/uploads\/2023\/05\/DSC_7306-768x709.jpg 768w\" sizes=\"auto, (max-width: 866px) 100vw, 866px\" \/><\/figure><div class=\"wp-block-media-text__content\">\n<p><strong>Wyselekcjonowany surowiec<\/strong><\/p>\n\n\n\n<p><strong>&#8211; ponad dwudziestoletnie do\u015bwiadczenie pozwoli\u0142o nam wyselekcjonowa\u0107 najlepsze europejskie ubojnie sk\u00f3r bydl\u0119cych oraz najbardziej rzetelnych dostawc\u00f3w bizon\u00f3w.<br><\/strong><br><\/p>\n\n\n\n<p><strong>&#8211; Badania i innowacje <\/strong><strong><br>Nasi wsp\u00f3\u0142pracownicy nieustannie poszukuj\u0105 nowych artyku\u0142\u00f3w poprzez rozw\u00f3j nowych technologii i proces\u00f3w, kt\u00f3re pozwalaj\u0105 nam poprawia\u0107 jako\u015b\u0107 naszych sk\u00f3r. Jeste\u015bmy \u015bwiadomi, \u017ce dba\u0142o\u015b\u0107 o kolorystyk\u0119 sta\u0142a si\u0119 na dzisiejszym rynku priorytetem, dlatego nasze badania maj\u0105 na celu wypracowanie najbardziej aktualnych trend\u00f3w.<br><br><\/strong><strong>Relacje z klientami <\/strong><strong><br>Relacja z klientami zawsze odbywa si\u0119 w spos\u00f3b bezpo\u015bredni, aby zrozumie\u0107 potrzeby i rozwi\u0105za\u0107 wszelkie problemy.<\/strong><strong>O znaczeniu tego podej\u015bcia \u015bwiadcz\u0105 dziesi\u0119cioletnie raporty, kt\u00f3re uwa\u017camy za nasz\u0105 najlepsz\u0105 wizyt\u00f3wk\u0119.<br><br><\/strong><strong>Kontrola jako\u015bci <\/strong><strong><br>Poszczeg\u00f3lne etapy przetwarzania s\u0105 precyzyjnie przestrzegane.<\/strong><strong>Produkcja sk\u00f3ry to d\u0142ugi proces, na kt\u00f3rego wyniki ma wp\u0142yw wiele zmiennych zewn\u0119trznych, takich jak temperatura, wilgotno\u015b\u0107, \u015bwiat\u0142o. Obecno\u015b\u0107 i ci\u0105g\u0142a kontrola s\u0105 zatem niezwykle wa\u017cne w pracy, kt\u00f3ra pod wieloma wzgl\u0119dami nadal pozostaje rzemie\u015blnicza.<\/strong><\/p>\n\n\n\n<p><strong><br><\/strong><br><\/p>\n<\/div><\/div>\n\n\n\n<div class=\"wp-block-media-text alignwide is-stacked-on-mobile\"><figure class=\"wp-block-media-text__media\"><\/figure><div class=\"wp-block-media-text__content\">\n<p><\/p>\n<\/div><\/div>\n","protected":false},"excerpt":{"rendered":"<p>Wyselekcjonowany surowiec &#8211; ponad dwudziestoletnie do\u015bwiadczenie pozwoli\u0142o nam wyselekcjonowa\u0107 najlepsze europejskie ubojnie sk\u00f3r bydl\u0119cych oraz najbardziej rzetelnych dostawc\u00f3w bizon\u00f3w. &#8211; Badania i innowacje Nasi wsp\u00f3\u0142pracownicy nieustannie poszukuj\u0105 nowych artyku\u0142\u00f3w poprzez rozw\u00f3j nowych technologii i proces\u00f3w, kt\u00f3re pozwalaj\u0105 nam poprawia\u0107 jako\u015b\u0107 naszych sk\u00f3r. Jeste\u015bmy \u015bwiadomi, \u017ce dba\u0142o\u015b\u0107 o kolorystyk\u0119 sta\u0142a si\u0119 na dzisiejszym rynku priorytetem, dlatego [&hellip;]<\/p>\n","protected":false},"author":1,"featured_media":0,"parent":0,"menu_order":0,"comment_status":"closed","ping_status":"closed","template":"","meta":{"footnotes":""},"class_list":["post-7","page","type-page","status-publish","hentry"],"_links":{"self":[{"href":"https:\/\/pellepolonia.pl\/index.php\/wp-json\/wp\/v2\/pages\/7","targetHints":{"allow":["GET"]}}],"collection":[{"href":"https:\/\/pellepolonia.pl\/index.php\/wp-json\/wp\/v2\/pages"}],"about":[{"href":"https:\/\/pellepolonia.pl\/index.php\/wp-json\/wp\/v2\/types\/page"}],"author":[{"embeddable":true,"href":"https:\/\/pellepolonia.pl\/index.php\/wp-json\/wp\/v2\/users\/1"}],"replies":[{"embeddable":true,"href":"https:\/\/pellepolonia.pl\/index.php\/wp-json\/wp\/v2\/comments?post=7"}],"version-history":[{"count":3,"href":"https:\/\/pellepolonia.pl\/index.php\/wp-json\/wp\/v2\/pages\/7\/revisions"}],"predecessor-version":[{"id":37,"href":"https:\/\/pellepolonia.pl\/index.php\/wp-json\/wp\/v2\/pages\/7\/revisions\/37"}],"wp:attachment":[{"href":"https:\/\/pellepolonia.pl\/index.php\/wp-json\/wp\/v2\/media?parent=7"}],"curies":[{"name":"wp","href":"https:\/\/api.w.org\/{rel}","templated":true}]}}