{"id":9,"date":"2023-05-17T14:40:58","date_gmt":"2023-05-17T12:40:58","guid":{"rendered":"https:\/\/pellepolonia.pl\/?page_id=9"},"modified":"2023-05-29T11:52:01","modified_gmt":"2023-05-29T09:52:01","slug":"strona-glowna-2","status":"publish","type":"page","link":"https:\/\/pellepolonia.pl\/index.php\/strona-glowna-2\/","title":{"rendered":"Si\u0142a Regionu"},"content":{"rendered":"\n<p><\/p>\n\n\n\n\n\n<div class=\"wp-block-media-text alignwide is-stacked-on-mobile\"><figure class=\"wp-block-media-text__media\"><img loading=\"lazy\" decoding=\"async\" width=\"914\" height=\"1024\" src=\"https:\/\/pellepolonia.pl\/wp-content\/uploads\/2023\/05\/aqw-914x1024.jpg\" alt=\"\" class=\"wp-image-29 size-full\" srcset=\"https:\/\/pellepolonia.pl\/wp-content\/uploads\/2023\/05\/aqw-914x1024.jpg 914w, https:\/\/pellepolonia.pl\/wp-content\/uploads\/2023\/05\/aqw-268x300.jpg 268w, https:\/\/pellepolonia.pl\/wp-content\/uploads\/2023\/05\/aqw-768x860.jpg 768w, https:\/\/pellepolonia.pl\/wp-content\/uploads\/2023\/05\/aqw.jpg 949w\" sizes=\"auto, (max-width: 914px) 100vw, 914px\" \/><\/figure><div class=\"wp-block-media-text__content\">\n<p><strong>Co to znaczy by\u0107 umieszczonym w regionie sk\u00f3rzanym?<\/strong><\/p>\n\n\n\n<p><strong>Oznacza to posiadanie mn\u00f3stwa us\u0142ug zwi\u0105zanych z r\u00f3\u017cnymi i licznymi obr\u00f3bkami sk\u00f3r w w\u0105skim promieniu kilku kilometr\u00f3w. Przede wszystkim istnieje ponad 50 firm produkuj\u0105cych produkty chemiczne, kt\u00f3re wraz ze swoimi technikami wnosz\u0105 ogromny wk\u0142ad w rozw\u00f3j i ewolucj\u0119 obr\u00f3bki sk\u00f3ry. Ponadto istniej\u0105 wszystkie te firmy, kt\u00f3re maj\u0105 podstawowe znaczenie, aby m\u00f3c korzysta\u0107 z jak najszerszego asortymentu artyku\u0142\u00f3w,<br>takie jak firmy zajmuj\u0105ce si\u0119 suszeniem sk\u00f3r, kt\u00f3re odbywa si\u0119 na r\u00f3\u017cne sposoby, zgodnie z wymaganiami,<br>takie jak firmy, kt\u00f3re mog\u0105 drukowa\u0107 sk\u00f3ry w setkach zmiennych<br>lub takich jak firmy zajmuj\u0105ce si\u0119 gratowaniem, goleniem, walcowaniem, perforacjami itp.<\/strong><\/p>\n\n\n\n<p><strong>Wszystko to oznacza szybki czas produkcji i ograniczone koszty.<\/strong><\/p>\n\n\n\n<p><strong>Firmy zajmuj\u0105ce si\u0119 suszeniem sk\u00f3r, kt\u00f3re odbywa si\u0119 na r\u00f3\u017cne sposoby w zale\u017cno\u015bci od wymaga\u0144, <\/strong><br><strong>np. firmy, kt\u00f3re mog\u0105 drukowa\u0107 sk\u00f3ry w setkach zmiennych &#8211; wszystko aby sprosta\u0107 Twoim potrzebom.<\/strong><\/p>\n<\/div><\/div>\n","protected":false},"excerpt":{"rendered":"<p>Co to znaczy by\u0107 umieszczonym w regionie sk\u00f3rzanym? Oznacza to posiadanie mn\u00f3stwa us\u0142ug zwi\u0105zanych z r\u00f3\u017cnymi i licznymi obr\u00f3bkami sk\u00f3r w w\u0105skim promieniu kilku kilometr\u00f3w. Przede wszystkim istnieje ponad 50 firm produkuj\u0105cych produkty chemiczne, kt\u00f3re wraz ze swoimi technikami wnosz\u0105 ogromny wk\u0142ad w rozw\u00f3j i ewolucj\u0119 obr\u00f3bki sk\u00f3ry. Ponadto istniej\u0105 wszystkie te firmy, kt\u00f3re maj\u0105 [&hellip;]<\/p>\n","protected":false},"author":1,"featured_media":0,"parent":0,"menu_order":0,"comment_status":"closed","ping_status":"closed","template":"","meta":{"footnotes":""},"class_list":["post-9","page","type-page","status-publish","hentry"],"_links":{"self":[{"href":"https:\/\/pellepolonia.pl\/index.php\/wp-json\/wp\/v2\/pages\/9","targetHints":{"allow":["GET"]}}],"collection":[{"href":"https:\/\/pellepolonia.pl\/index.php\/wp-json\/wp\/v2\/pages"}],"about":[{"href":"https:\/\/pellepolonia.pl\/index.php\/wp-json\/wp\/v2\/types\/page"}],"author":[{"embeddable":true,"href":"https:\/\/pellepolonia.pl\/index.php\/wp-json\/wp\/v2\/users\/1"}],"replies":[{"embeddable":true,"href":"https:\/\/pellepolonia.pl\/index.php\/wp-json\/wp\/v2\/comments?post=9"}],"version-history":[{"count":3,"href":"https:\/\/pellepolonia.pl\/index.php\/wp-json\/wp\/v2\/pages\/9\/revisions"}],"predecessor-version":[{"id":30,"href":"https:\/\/pellepolonia.pl\/index.php\/wp-json\/wp\/v2\/pages\/9\/revisions\/30"}],"wp:attachment":[{"href":"https:\/\/pellepolonia.pl\/index.php\/wp-json\/wp\/v2\/media?parent=9"}],"curies":[{"name":"wp","href":"https:\/\/api.w.org\/{rel}","templated":true}]}}